{"id":286,"date":"2020-07-02T15:56:43","date_gmt":"2020-07-02T13:56:43","guid":{"rendered":"http:\/\/horizoninverse.org\/?page_id=286"},"modified":"2022-08-11T15:19:53","modified_gmt":"2022-08-11T13:19:53","slug":"films-en-cours","status":"publish","type":"page","link":"https:\/\/horizoninverse.org\/index.php\/films-en-cours\/","title":{"rendered":"N147, ligne de fuite"},"content":{"rendered":"\n<p class=\"has-text-align-left\"><strong>N147, ligne de fuite ( titre provisoire ) <br><\/strong><\/p>\n\n\n\n<p class=\"has-text-align-left has-small-font-size\">un film de Nathalie Nambot<br>Image 16MM Nicolas REY <br>Production Horizon Inverse <br>Delphine Voiry-Humbert, Marie Cosnay<br><\/p>\n\n\n\n<p class=\"has-background has-small-font-size has-very-light-gray-background-color\"><em>\u201cLa main \u00e0 plume vaut la main \u00e0 charru<\/em>e<br><em>Quel si\u00e8cle \u00e0 mains \u2014 Je n\u2019aurai jamais ma main.\u201d<\/em><br>Arthur Rimbaud<\/p>\n\n\n\n<p class=\"has-small-font-size\"><em>La pelle \u00e0 bl\u00e9 <\/em>extrait Marie Cosnay<br>(&#8230;) <br>\u00ab\u00a0Nathalie revient. Elle attrape des lumi\u00e8res, une poule, une couleur vive qui tranche sur le grain de l\u2019enfance, sur sa beaut\u00e9. Je comprends soudain ce qu\u2019est la nostalgie, je croyais que \u00e7a voulait dire qu\u2019on voulait revenir, je crois maintenant que c\u2019est la douleur d\u2019\u00eatre de retour et de comprendre seulement alors qu\u2019on est bel et bien parti, que \u00e7a a eu lieu. Que c\u2019est irr\u00e9m\u00e9diable. Le grain fait le voile des larmes. Et rend la douceur des gestes. De chaque geste. Chaque geste, dont on sait qu\u2019il a \u00e9t\u00e9 rude, nimb\u00e9 de lumi\u00e8re.<br><br>Quand Ulysse revient dans son pays, et combien il en a r\u00eav\u00e9, la premi\u00e8re chose qu\u2019il dit \u00e0 sa femme, alors qu\u2019il va apr\u00e8s vingt ans se coucher aupr\u00e8s elle : il va repartir. Il n\u2019a pas le choix ; c\u2019est Tir\u00e9sias qui lui a fait cette proph\u00e9tie, aux Enfers. Il devra, pour trouver un peu de paix dans sa vieillesse, aller au pays o\u00f9 personne ne reconna\u00eetra la rame qu\u2019il porte sur le dos. O\u00f9 on la prendra pour une pelle \u00e0 bl\u00e9. Il devra s\u2019\u00e9trangifier.<br><br>Eh bien nous, qui avons tellement r\u00eav\u00e9 de partir, quand nous revenons, nos rames sur le dos, il nous faut peut-\u00eatre, pour trouver la paix comme Ulysse, apprendre \u00e0 reconna\u00eetre la pelle \u00e0 bl\u00e9 et l\u2019enclos des poules. Apprendre \u00e0 la trouver belle, la pelle \u00e0 bl\u00e9, nimb\u00e9e de lumi\u00e8re comme elle est.<br><br>Je ne sais pas si nous serons en paix, mais nous serons de retour.\u00a0\u00bb<\/p>\n\n\n\n<figure class=\"wp-block-image size-large\"><img decoding=\"async\" loading=\"lazy\" width=\"798\" height=\"596\" src=\"https:\/\/horizoninverse.org\/wp-content\/uploads\/2020\/07\/S8-nervure.jpg\" alt=\"\" class=\"wp-image-535\" srcset=\"https:\/\/horizoninverse.org\/wp-content\/uploads\/2020\/07\/S8-nervure.jpg 798w, https:\/\/horizoninverse.org\/wp-content\/uploads\/2020\/07\/S8-nervure-300x224.jpg 300w, https:\/\/horizoninverse.org\/wp-content\/uploads\/2020\/07\/S8-nervure-768x574.jpg 768w\" sizes=\"(max-width: 706px) 89vw, (max-width: 767px) 82vw, 740px\" \/><\/figure>\n\n\n\n<p style=\"font-size:15px\" class=\"has-background has-very-light-gray-background-color\"><strong>ALCA Nouvelle-Aquitaine \/ \u00e9criture  \/ d\u00e9veloppement<br>Scam Brouillon d&rsquo;un r\u00eave<\/strong><br> <\/p>\n\n\n\n<hr class=\"wp-block-separator\"\/>\n","protected":false},"excerpt":{"rendered":"<p>N147, ligne de fuite ( titre provisoire ) un film de Nathalie NambotImage 16MM Nicolas REY Production Horizon Inverse Delphine Voiry-Humbert, Marie Cosnay \u201cLa main \u00e0 plume vaut la main \u00e0 charrueQuel si\u00e8cle \u00e0 mains \u2014 Je n\u2019aurai jamais ma main.\u201dArthur Rimbaud La pelle \u00e0 bl\u00e9 extrait Marie Cosnay(&#8230;) \u00ab\u00a0Nathalie revient. Elle attrape des lumi\u00e8res, &hellip; <\/p>\n<p class=\"link-more\"><a href=\"https:\/\/horizoninverse.org\/index.php\/films-en-cours\/\" class=\"more-link\">Continuer la lecture<span class=\"screen-reader-text\"> de &laquo;&nbsp;N147, ligne de fuite&nbsp;&raquo;<\/span><\/a><\/p>\n","protected":false},"author":3,"featured_media":737,"parent":0,"menu_order":0,"comment_status":"closed","ping_status":"closed","template":"","meta":[],"_links":{"self":[{"href":"https:\/\/horizoninverse.org\/index.php\/wp-json\/wp\/v2\/pages\/286"}],"collection":[{"href":"https:\/\/horizoninverse.org\/index.php\/wp-json\/wp\/v2\/pages"}],"about":[{"href":"https:\/\/horizoninverse.org\/index.php\/wp-json\/wp\/v2\/types\/page"}],"author":[{"embeddable":true,"href":"https:\/\/horizoninverse.org\/index.php\/wp-json\/wp\/v2\/users\/3"}],"replies":[{"embeddable":true,"href":"https:\/\/horizoninverse.org\/index.php\/wp-json\/wp\/v2\/comments?post=286"}],"version-history":[{"count":46,"href":"https:\/\/horizoninverse.org\/index.php\/wp-json\/wp\/v2\/pages\/286\/revisions"}],"predecessor-version":[{"id":881,"href":"https:\/\/horizoninverse.org\/index.php\/wp-json\/wp\/v2\/pages\/286\/revisions\/881"}],"wp:featuredmedia":[{"embeddable":true,"href":"https:\/\/horizoninverse.org\/index.php\/wp-json\/wp\/v2\/media\/737"}],"wp:attachment":[{"href":"https:\/\/horizoninverse.org\/index.php\/wp-json\/wp\/v2\/media?parent=286"}],"curies":[{"name":"wp","href":"https:\/\/api.w.org\/{rel}","templated":true}]}}