{"id":197,"date":"2020-06-29T17:30:48","date_gmt":"2020-06-29T15:30:48","guid":{"rendered":"http:\/\/horizoninverse.org\/?page_id=197"},"modified":"2022-11-11T17:46:16","modified_gmt":"2022-11-11T16:46:16","slug":"brule-la-mer","status":"publish","type":"page","link":"https:\/\/horizoninverse.org\/index.php\/brule-la-mer\/","title":{"rendered":"br\u00fble la mer"},"content":{"rendered":"\n<p style=\"font-size:14px\" class=\"has-text-color has-background has-very-dark-gray-color has-very-light-gray-background-color\">Un film de Nathalie Nambot et Maki Berchache <br>couleur, 74 minutes, 2014<br>Format de tournage : Super8 et 16mm <br>Format de Projection : 35mm et DCP<br><br>Images 16mm Nicolas Rey<br>Montage Gilda Fine<br>Production :<a rel=\"noreferrer noopener\" href=\"https:\/\/lesfilmsdubilboquet.fr\/\" target=\"_blank\"> <\/a><a rel=\"noreferrer noopener\" href=\"https:\/\/lesfilmsdubilboquet.fr\/brule-la-mer\/\" target=\"_blank\">Les films du Bilboquet<\/a><br>Distribution fran\u00e7aise Les films de l&rsquo;Atalante<br>Internationale Horizon Inverse<br><br>avec Maki Berchache, Saidi Shaharedin, Shadi Al Fawaghra, Mahmoud El Saleh, Badreddine Nobigh, Selim Sohbani, Nathalie Nambot et la famille Berchache<br><br><em>Br\u00fble la mer<\/em> se tient au croisement paradoxal entre l\u2019\u00e9nergie vive d\u2019une r\u00e9volution en cours, l\u2019\u00e9lan d\u2019un d\u00e9part vers l\u2019Europe, et, la violence d\u2019un accueil refus\u00e9. Le film gu\u00e8te ce qui constitue la trame sensible d\u2019une existence \u00e0 un moment de rupture. Ce qu\u2019il y a d\u2019infime, de plus commun, loin de l\u2019exotisme, mais hant\u00e9 par le r\u00eave, comme un appel. Il ne s\u2019agit pas d\u2019un documentaire sur l\u2019\u00e9migration ou la r\u00e9volution, c\u2019est un essai sur la libert\u00e9 ou plut\u00f4t de libert\u00e9 : une tentative d\u2019\u00e9vasion r\u00e9elle et fictive auquel la fabrication d\u2019un film participe, prenant part de ce processus d\u2019\u00e9mancipation : br\u00fble la mer, les fronti\u00e8res, les lois, les papiers&#8230;Qu\u2019est-ce que rompre avec sa vie pass\u00e9e, quitter son pays, sa famille o\u00f9 pr\u00e9valent encore vaille que vaille des liens tr\u00e8s forts de solidarit\u00e9, d\u2019entraide et un attachement ancestral \u00e0 la terre, pour rejoindre le monde mythifi\u00e9 et domin\u00e9 par les rapports capitalistes. Qu\u2019est-ce que c\u2019est : Vivre sa vie ?<\/p>\n\n\n\n<p class=\"has-small-font-size\"><a rel=\"noreferrer noopener\" href=\"https:\/\/fidmarseille.org\/film\/2014-brule-la-mer\/\" target=\"_blank\">FID Marseille 2014<\/a> : Prix des rencontres cin\u00e9matographiques Cerb\u00e8re-Port-Bou <br>Mention sp\u00e9ciale du prix de la critique en ligne Institut fran\u00e7ais <br><a rel=\"noreferrer noopener\" href=\"https:\/\/alternativa.cccb.org\/2014\/en\/films\/fichaSO.php?film=01676\" target=\"_blank\">Alternativa Barcelona<\/a> : Mention sp\u00e9ciale Long-m\u00e9trage<br>Olhar de cinema, Curitiba Br\u00e9sil : Prix Hors Piste<br>Festival Regards sur le Cin\u00e9ma du Monde :  Prix du Meilleur documentaire<\/p>\n\n\n\n<p><strong>Texte de Federico Rossin<\/strong> Salina Doc Fest<\/p>\n\n\n\n<p><strong>Br\u00fble la mer is an unclassified cinematographic masterpiece: between fiction and documentary, between love for purity of form and a vigorous militant overhang. It narrates, through fragments and visions, the story of the Tunisian diaspora following the first Arab spring, the one that resulted into the sacking of Ben Al\u00ec and the end of his corrupted and bloodthirsty regime. From Maghreb to Milan, from Ventimiglia to the streets of Paris, Tunisian youth tasted a bitter freedom once they painfully discovered that their world had changed forever. The strength of the film lies in its ability to render visible &#8211; in 16 and 8mm &#8211; the experience of the radical fracture (which is a revolution that cost them the loss of their family, language, and culture ties) and of emancipation: the overthrow<\/strong> <strong>that occurs between a country that has always been dreamed and that ultimately disappoints, France, and a country left behind abandoned and regretful, Tunisia. Also, in the struggle between a northern Africa succumbingto its critical and deep rooted issues, and a more and more racist western civilisation, where is freedom? Nathalie Nambot, activist and film director, meets with Maki Berchache, introducing him to the world of independent film-making and self-produced laboratory craft \u201cL\u2019abominable\u201d. She works there with him on developing a hybrid form product, in order to narrate, with an image long detached from the one provided by the media \u2013 whether social or traditional &#8211; his life as an uprooted person who is in search of new ways of life and resists concrete and daily struggles.<\/strong><\/p>\n\n\n\n<figure class=\"is-layout-flex wp-block-gallery-1 wp-block-gallery aligncenter columns-1 is-cropped\"><ul class=\"blocks-gallery-grid\"><li class=\"blocks-gallery-item\"><figure><img decoding=\"async\" loading=\"lazy\" width=\"1024\" height=\"764\" src=\"https:\/\/horizoninverse.org\/wp-content\/uploads\/2020\/09\/port-Arcifet--1024x764.jpg\" alt=\"\" data-id=\"706\" data-full-url=\"https:\/\/horizoninverse.org\/wp-content\/uploads\/2020\/09\/port-Arcifet-.jpg\" data-link=\"https:\/\/horizoninverse.org\/port-arcifet\/\" class=\"wp-image-706\" srcset=\"https:\/\/horizoninverse.org\/wp-content\/uploads\/2020\/09\/port-Arcifet--1024x764.jpg 1024w, https:\/\/horizoninverse.org\/wp-content\/uploads\/2020\/09\/port-Arcifet--300x224.jpg 300w, https:\/\/horizoninverse.org\/wp-content\/uploads\/2020\/09\/port-Arcifet--768x573.jpg 768w, https:\/\/horizoninverse.org\/wp-content\/uploads\/2020\/09\/port-Arcifet-.jpg 1448w\" sizes=\"(max-width: 706px) 89vw, (max-width: 767px) 82vw, 740px\" \/><\/figure><\/li><li class=\"blocks-gallery-item\"><figure><img decoding=\"async\" loading=\"lazy\" width=\"1024\" height=\"764\" src=\"https:\/\/horizoninverse.org\/wp-content\/uploads\/2020\/09\/Shadi-Maki-ville--1024x764.jpg\" alt=\"\" data-id=\"715\" data-full-url=\"https:\/\/horizoninverse.org\/wp-content\/uploads\/2020\/09\/Shadi-Maki-ville-.jpg\" data-link=\"https:\/\/horizoninverse.org\/shadi-maki-ville\/\" class=\"wp-image-715\" srcset=\"https:\/\/horizoninverse.org\/wp-content\/uploads\/2020\/09\/Shadi-Maki-ville--1024x764.jpg 1024w, https:\/\/horizoninverse.org\/wp-content\/uploads\/2020\/09\/Shadi-Maki-ville--300x224.jpg 300w, https:\/\/horizoninverse.org\/wp-content\/uploads\/2020\/09\/Shadi-Maki-ville--768x573.jpg 768w, https:\/\/horizoninverse.org\/wp-content\/uploads\/2020\/09\/Shadi-Maki-ville-.jpg 1448w\" sizes=\"(max-width: 706px) 89vw, (max-width: 767px) 82vw, 740px\" \/><\/figure><\/li><li class=\"blocks-gallery-item\"><figure><img decoding=\"async\" loading=\"lazy\" width=\"1024\" height=\"766\" src=\"https:\/\/horizoninverse.org\/wp-content\/uploads\/2020\/09\/Zied-1024x766.jpg\" alt=\"\" data-id=\"720\" data-full-url=\"https:\/\/horizoninverse.org\/wp-content\/uploads\/2020\/09\/Zied.jpg\" data-link=\"https:\/\/horizoninverse.org\/zied\/\" class=\"wp-image-720\" srcset=\"https:\/\/horizoninverse.org\/wp-content\/uploads\/2020\/09\/Zied-1024x766.jpg 1024w, https:\/\/horizoninverse.org\/wp-content\/uploads\/2020\/09\/Zied-300x224.jpg 300w, https:\/\/horizoninverse.org\/wp-content\/uploads\/2020\/09\/Zied-768x574.jpg 768w, https:\/\/horizoninverse.org\/wp-content\/uploads\/2020\/09\/Zied.jpg 1444w\" sizes=\"(max-width: 706px) 89vw, (max-width: 767px) 82vw, 740px\" \/><\/figure><\/li><li class=\"blocks-gallery-item\"><figure><img decoding=\"async\" loading=\"lazy\" width=\"1024\" height=\"761\" src=\"https:\/\/horizoninverse.org\/wp-content\/uploads\/2020\/09\/fene\u0302tre--1024x761.jpg\" alt=\"\" data-id=\"688\" data-full-url=\"https:\/\/horizoninverse.org\/wp-content\/uploads\/2020\/09\/fene\u0302tre-.jpg\" data-link=\"https:\/\/horizoninverse.org\/fene%cc%82tre\/\" class=\"wp-image-688\" srcset=\"https:\/\/horizoninverse.org\/wp-content\/uploads\/2020\/09\/fene\u0302tre--1024x761.jpg 1024w, https:\/\/horizoninverse.org\/wp-content\/uploads\/2020\/09\/fene\u0302tre--300x223.jpg 300w, https:\/\/horizoninverse.org\/wp-content\/uploads\/2020\/09\/fene\u0302tre--768x571.jpg 768w, https:\/\/horizoninverse.org\/wp-content\/uploads\/2020\/09\/fene\u0302tre-.jpg 1453w\" sizes=\"(max-width: 706px) 89vw, (max-width: 767px) 82vw, 740px\" \/><\/figure><\/li><li class=\"blocks-gallery-item\"><figure><img decoding=\"async\" loading=\"lazy\" width=\"1024\" height=\"755\" src=\"https:\/\/horizoninverse.org\/wp-content\/uploads\/2020\/09\/seuil-maison--1024x755.jpg\" alt=\"\" data-id=\"713\" data-full-url=\"https:\/\/horizoninverse.org\/wp-content\/uploads\/2020\/09\/seuil-maison-.jpg\" data-link=\"https:\/\/horizoninverse.org\/seuil-maison-2\/\" class=\"wp-image-713\" srcset=\"https:\/\/horizoninverse.org\/wp-content\/uploads\/2020\/09\/seuil-maison--1024x755.jpg 1024w, https:\/\/horizoninverse.org\/wp-content\/uploads\/2020\/09\/seuil-maison--300x221.jpg 300w, https:\/\/horizoninverse.org\/wp-content\/uploads\/2020\/09\/seuil-maison--768x567.jpg 768w, https:\/\/horizoninverse.org\/wp-content\/uploads\/2020\/09\/seuil-maison-.jpg 1464w\" sizes=\"(max-width: 706px) 89vw, (max-width: 767px) 82vw, 740px\" \/><\/figure><\/li><li class=\"blocks-gallery-item\"><figure><img decoding=\"async\" loading=\"lazy\" width=\"1024\" height=\"765\" src=\"https:\/\/horizoninverse.org\/wp-content\/uploads\/2020\/09\/porte-de-La-Villette--1024x765.jpg\" alt=\"\" data-id=\"708\" data-full-url=\"https:\/\/horizoninverse.org\/wp-content\/uploads\/2020\/09\/porte-de-La-Villette-.jpg\" data-link=\"https:\/\/horizoninverse.org\/porte-de-la-villette\/\" class=\"wp-image-708\" srcset=\"https:\/\/horizoninverse.org\/wp-content\/uploads\/2020\/09\/porte-de-La-Villette--1024x765.jpg 1024w, https:\/\/horizoninverse.org\/wp-content\/uploads\/2020\/09\/porte-de-La-Villette--300x224.jpg 300w, https:\/\/horizoninverse.org\/wp-content\/uploads\/2020\/09\/porte-de-La-Villette--768x574.jpg 768w, https:\/\/horizoninverse.org\/wp-content\/uploads\/2020\/09\/porte-de-La-Villette-.jpg 1446w\" sizes=\"(max-width: 706px) 89vw, (max-width: 767px) 82vw, 740px\" \/><\/figure><\/li><li class=\"blocks-gallery-item\"><figure><img decoding=\"async\" loading=\"lazy\" width=\"1024\" height=\"765\" src=\"https:\/\/horizoninverse.org\/wp-content\/uploads\/2020\/09\/commissariat-1024x765.jpg\" alt=\"\" data-id=\"684\" data-full-url=\"https:\/\/horizoninverse.org\/wp-content\/uploads\/2020\/09\/commissariat.jpg\" data-link=\"https:\/\/horizoninverse.org\/commissariat\/\" class=\"wp-image-684\" srcset=\"https:\/\/horizoninverse.org\/wp-content\/uploads\/2020\/09\/commissariat-1024x765.jpg 1024w, https:\/\/horizoninverse.org\/wp-content\/uploads\/2020\/09\/commissariat-300x224.jpg 300w, https:\/\/horizoninverse.org\/wp-content\/uploads\/2020\/09\/commissariat-768x574.jpg 768w, https:\/\/horizoninverse.org\/wp-content\/uploads\/2020\/09\/commissariat.jpg 1446w\" sizes=\"(max-width: 706px) 89vw, (max-width: 767px) 82vw, 740px\" \/><\/figure><\/li><li class=\"blocks-gallery-item\"><figure><img decoding=\"async\" loading=\"lazy\" width=\"1024\" height=\"765\" src=\"https:\/\/horizoninverse.org\/wp-content\/uploads\/2020\/09\/Mahmoud-1024x765.jpg\" alt=\"\" data-id=\"694\" data-full-url=\"https:\/\/horizoninverse.org\/wp-content\/uploads\/2020\/09\/Mahmoud.jpg\" data-link=\"https:\/\/horizoninverse.org\/mahmoud\/\" class=\"wp-image-694\" srcset=\"https:\/\/horizoninverse.org\/wp-content\/uploads\/2020\/09\/Mahmoud-1024x765.jpg 1024w, https:\/\/horizoninverse.org\/wp-content\/uploads\/2020\/09\/Mahmoud-300x224.jpg 300w, https:\/\/horizoninverse.org\/wp-content\/uploads\/2020\/09\/Mahmoud-768x574.jpg 768w, https:\/\/horizoninverse.org\/wp-content\/uploads\/2020\/09\/Mahmoud.jpg 1446w\" sizes=\"(max-width: 706px) 89vw, (max-width: 767px) 82vw, 740px\" \/><\/figure><\/li><li class=\"blocks-gallery-item\"><figure><img decoding=\"async\" loading=\"lazy\" width=\"1024\" height=\"765\" src=\"https:\/\/horizoninverse.org\/wp-content\/uploads\/2020\/09\/Shaharedin-1024x765.jpg\" alt=\"\" data-id=\"717\" data-full-url=\"https:\/\/horizoninverse.org\/wp-content\/uploads\/2020\/09\/Shaharedin.jpg\" data-link=\"https:\/\/horizoninverse.org\/shaharedin\/\" class=\"wp-image-717\" srcset=\"https:\/\/horizoninverse.org\/wp-content\/uploads\/2020\/09\/Shaharedin-1024x765.jpg 1024w, https:\/\/horizoninverse.org\/wp-content\/uploads\/2020\/09\/Shaharedin-300x224.jpg 300w, https:\/\/horizoninverse.org\/wp-content\/uploads\/2020\/09\/Shaharedin-768x574.jpg 768w, https:\/\/horizoninverse.org\/wp-content\/uploads\/2020\/09\/Shaharedin.jpg 1446w\" sizes=\"(max-width: 706px) 89vw, (max-width: 767px) 82vw, 740px\" \/><\/figure><\/li><li class=\"blocks-gallery-item\"><figure><img decoding=\"async\" loading=\"lazy\" width=\"1024\" height=\"764\" src=\"https:\/\/horizoninverse.org\/wp-content\/uploads\/2020\/09\/olives-1024x764.jpg\" alt=\"\" data-id=\"702\" data-full-url=\"https:\/\/horizoninverse.org\/wp-content\/uploads\/2020\/09\/olives.jpg\" data-link=\"https:\/\/horizoninverse.org\/olives\/\" class=\"wp-image-702\" srcset=\"https:\/\/horizoninverse.org\/wp-content\/uploads\/2020\/09\/olives-1024x764.jpg 1024w, https:\/\/horizoninverse.org\/wp-content\/uploads\/2020\/09\/olives-300x224.jpg 300w, https:\/\/horizoninverse.org\/wp-content\/uploads\/2020\/09\/olives-768x573.jpg 768w, https:\/\/horizoninverse.org\/wp-content\/uploads\/2020\/09\/olives.jpg 1448w\" sizes=\"(max-width: 706px) 89vw, (max-width: 767px) 82vw, 740px\" \/><\/figure><\/li><li class=\"blocks-gallery-item\"><figure><img decoding=\"async\" loading=\"lazy\" width=\"928\" height=\"670\" src=\"https:\/\/horizoninverse.org\/wp-content\/uploads\/2020\/09\/Famille.jpg\" alt=\"\" data-id=\"687\" data-full-url=\"https:\/\/horizoninverse.org\/wp-content\/uploads\/2020\/09\/Famille.jpg\" data-link=\"https:\/\/horizoninverse.org\/famille\/\" class=\"wp-image-687\" srcset=\"https:\/\/horizoninverse.org\/wp-content\/uploads\/2020\/09\/Famille.jpg 928w, https:\/\/horizoninverse.org\/wp-content\/uploads\/2020\/09\/Famille-300x217.jpg 300w, https:\/\/horizoninverse.org\/wp-content\/uploads\/2020\/09\/Famille-768x554.jpg 768w\" sizes=\"(max-width: 706px) 89vw, (max-width: 767px) 82vw, 740px\" \/><\/figure><\/li><li class=\"blocks-gallery-item\"><figure><img decoding=\"async\" loading=\"lazy\" width=\"1024\" height=\"766\" src=\"https:\/\/horizoninverse.org\/wp-content\/uploads\/2020\/09\/Port-Arcifet1-1024x766.jpg\" alt=\"\" data-id=\"707\" data-full-url=\"https:\/\/horizoninverse.org\/wp-content\/uploads\/2020\/09\/Port-Arcifet1.jpg\" data-link=\"https:\/\/horizoninverse.org\/port-arcifet1\/\" class=\"wp-image-707\" srcset=\"https:\/\/horizoninverse.org\/wp-content\/uploads\/2020\/09\/Port-Arcifet1-1024x766.jpg 1024w, https:\/\/horizoninverse.org\/wp-content\/uploads\/2020\/09\/Port-Arcifet1-300x224.jpg 300w, https:\/\/horizoninverse.org\/wp-content\/uploads\/2020\/09\/Port-Arcifet1-768x574.jpg 768w, https:\/\/horizoninverse.org\/wp-content\/uploads\/2020\/09\/Port-Arcifet1.jpg 1444w\" sizes=\"(max-width: 706px) 89vw, (max-width: 767px) 82vw, 740px\" \/><\/figure><\/li><li class=\"blocks-gallery-item\"><figure><img decoding=\"async\" loading=\"lazy\" width=\"720\" height=\"576\" src=\"https:\/\/horizoninverse.org\/wp-content\/uploads\/2020\/09\/Ecoute-la-mer.jpg\" alt=\"\" data-id=\"686\" data-full-url=\"https:\/\/horizoninverse.org\/wp-content\/uploads\/2020\/09\/Ecoute-la-mer.jpg\" data-link=\"https:\/\/horizoninverse.org\/ecoute-la-mer\/\" class=\"wp-image-686\" srcset=\"https:\/\/horizoninverse.org\/wp-content\/uploads\/2020\/09\/Ecoute-la-mer.jpg 720w, https:\/\/horizoninverse.org\/wp-content\/uploads\/2020\/09\/Ecoute-la-mer-300x240.jpg 300w\" sizes=\"(max-width: 720px) 100vw, 720px\" \/><\/figure><\/li><li class=\"blocks-gallery-item\"><figure><img decoding=\"async\" loading=\"lazy\" width=\"1024\" height=\"766\" src=\"https:\/\/horizoninverse.org\/wp-content\/uploads\/2020\/09\/A-la-mer-1024x766.jpg\" alt=\"\" data-id=\"680\" data-full-url=\"https:\/\/horizoninverse.org\/wp-content\/uploads\/2020\/09\/A-la-mer.jpg\" data-link=\"https:\/\/horizoninverse.org\/a-la-mer\/\" class=\"wp-image-680\" srcset=\"https:\/\/horizoninverse.org\/wp-content\/uploads\/2020\/09\/A-la-mer-1024x766.jpg 1024w, https:\/\/horizoninverse.org\/wp-content\/uploads\/2020\/09\/A-la-mer-300x224.jpg 300w, https:\/\/horizoninverse.org\/wp-content\/uploads\/2020\/09\/A-la-mer-768x574.jpg 768w, https:\/\/horizoninverse.org\/wp-content\/uploads\/2020\/09\/A-la-mer.jpg 1444w\" sizes=\"(max-width: 706px) 89vw, (max-width: 767px) 82vw, 740px\" \/><\/figure><\/li><\/ul><\/figure>\n\n\n\n<p><strong>SELECTION FESTIVALS<\/strong><\/p>\n\n\n\n<p class=\"has-small-font-size\"><strong>FID Marseille 2014, France `<\/strong><br><strong>DOCLISBOA, Portugal <\/strong> <br><strong>FREEZONE festival, Belgrade, Serbie<\/strong> <br><strong>ALTERNATIVA Barcelona, Espagne<\/strong><br><strong>CRITIC\u2019S WEEK Berlin, Allemagne<\/strong><br><strong>MOMA DOCFORTNIGHT2015, New York, Etats Unis (35mm)<\/strong><br><strong>IBAFF Murcia, Espagne<\/strong><br><strong>CROSSING EUROPE, Linz, Autriche (35mm)<\/strong><br><strong>OLHAR DE CINEMA, Curitiba, Br\u00e9sil <\/strong><br><strong>SOLE E LUNA DocFilm Festival, Palerme, Italie<\/strong><br><strong>IMAGES CONTRE NATURE, Marseille<\/strong><br><strong>MARFICI, Mar de Plata, Argentine<\/strong><br><strong>CINEMIGRANTE, Buenos Aires, Argentine<\/strong><br><strong>SALINADOC FEST, Italie<\/strong><br><strong>AFRICAN DIASPORA CINEMA, Cologne, Allemagne<\/strong><br><strong>FESTIFREAK, Mar del Plata, Argentine<\/strong><br><strong>FESTIVAL A NOUS DE VOIR, Lyon, France<\/strong><br><strong>SEMAINE ASYMETRIQUE au Polygone Etoil\u00e9 \u00e0 Marseille (35mm)<\/strong><br><strong>JCC<\/strong>_<strong>JOURNEES CINEMATOGRAPHIQUES DE CARTHAGE, JCC Tunis, Tunisie<\/strong><br><strong>SCHMALFILMTAGE, Dresden, Allemagne (35mm)<\/strong><br><strong>MITTELMEERFILMTAGE, Munich, Allemagne (35mm)<\/strong><br><strong>REGARDS SUE LE CIN\u00c9MA DU MONDE, Paris, France<\/strong><br><strong>LES INATTENDUS , Lyon, France (35mm)<\/strong><br><strong>5eme RENCONTRE DES REALISATEURS, Tunis, Tunisie<\/strong><br><strong>DJERBA DOC DAYS&nbsp;,&nbsp;Djerba,&nbsp; Tunisie<\/strong><br><strong>LATCHO DIVANO, Marseille, France<\/strong><br><strong>XIII MUESTRA de CINE y DERECHOS HUMANOS, Zaragoza, Espagne<\/strong> <strong>&nbsp;<\/strong><br><strong>DOKFILMWOCHE, Hambourg, Allemagne (35mm)<\/strong><br><strong>HORS PISTE, Paris Beaubourg, France (35mm)<\/strong><br><strong>FCAT, Tarifa\/Tanger, Espagne Maroc<\/strong><br><strong>CINEMIGRANTE, Barcelone, Espagne<\/strong><br><strong>FESTIVAL KINO AFRIKA, Oslo, Norv\u00e8ge<\/strong><br><strong>FESTIVAL INTERNATIONAL DE GABES, Tunisie<\/strong><br><strong>FESTIVAL DU FILM MEDITERRANEEN Annaba, Alg\u00e9rie<\/strong><br><strong>FESTIVAL DES CINEMAS d\u2019AFRIQUE du pays d\u2019APT, France<\/strong><br><strong>MAGHREB DES FILMS<\/strong>,<strong> Paris France (35mm)<\/strong> sortie salle Novembre 2016<br><strong>LUMIERES D\u2019AFRIQUE, Besan\u00e7on<\/strong><br><strong>THE NEWBRIDGE PROJECT \u00ab\u00a0THE HIDDEN CIVIL WAR\u00a0\u00bb Newcastle, Angleterre<\/strong><br><strong>FESTIVAL RESONANCES Magic Cinema, Bobigny, France<\/strong><br><strong>MUESTRA AFRO CINEMATECA DISTRITAL, Bogota Colombie<\/strong><br><strong>DOXA DOCUMENTARY FILM Festival, Vancouver, Canada (35mm)<\/strong><br><strong>IAMCR UNIVERSITY FILM FESTIVAL, Carthag\u00e8ne, Colombie<\/strong><br><strong>FESTIVAL LE DOME, Montbazon, France<\/strong><br><strong>FESTIVAL DE CINEMA DOUARNENEZ, France (35mm)<\/strong><br><strong>RENCONTRES CIN\u00c9MATOGRAPHIQUES CERB\u00c8RE PORT-BOU, France-Espagne<\/strong><br><strong>FICSUR FESTIVAL DE CIN\u00c9MA DES PAYS DU SUD&nbsp; Buenos Aires, Argentine<\/strong><br><strong>MOSTRA DE DOCUMENTARIOS FRANCESES,&nbsp;MIS, Sao Paulo Bresil<\/strong><br><strong>FESTIVAL CINEMAGINAIRES, France<\/strong><br><strong>PCMMO Panorama cin\u00e9mas Maghreb et du Moyen-Orient, Saint-Denis, France<\/strong><br><strong>BIENVENUE, Festival pour l&rsquo;accueil des migrants Bordeaux, France<\/strong><\/p>\n\n\n\n<p><strong><u>AUTRES PROJECTIONS<\/u><\/strong><\/p>\n\n\n\n<p class=\"has-small-font-size\"><strong>TIFF Cin\u00e9math\u00e8que de Toronto \u00ab The Free Screen \u00bb Canada&nbsp; (35mm)<\/strong><br><strong>Balagan Films au Paramount Theater (Bright Screening Room), Boston USA (35mm)<\/strong><br><strong>Cinemateca Portuguesa, Museu do Cinema, Lisbonne ( 35mm)<\/strong><br><strong>Proyecto Casamario Montevideo, Uruguay.<\/strong><br><strong>SOAS (University of London) \u00ab&nbsp;Constructions of Home and Belonging&nbsp;\u00bb<\/strong><br><strong>DEPFORD CINEMA \u00e0 Londres, Angleterre<\/strong><br><strong>CINEMA PROJECT, \u00e0, Portland, Oregon, Etats-Unis&nbsp; (35mm)<\/strong><br><strong>DIM CINEMA, Cin\u00e9math\u00e8que Vancouver, Canada&nbsp; (35mm)<\/strong><br><strong>COLUMBIA UNIVERSITY, New-York , Etats-Unis<br>PRINCETON UNIVERSITY, New Jersey University, Princeton , Etats-Unis<\/strong><br><strong>MUSEE REINA SOFIA \u00ab&nbsp;No shelter,&nbsp;images of contemporary exile&nbsp;\u00bb&nbsp;Madrid, Espagne &nbsp;<\/strong><br><strong>TORONTO BOOK FAIR, Mice Magazine, Canada<\/strong><\/p>\n\n\n\n<p class=\"has-small-font-size\"><strong><u>En France<\/u><\/strong><br><strong>Cin\u00e9ma L\u2019\u00e9toile, La Courneuve<\/strong><br><strong>Cin\u00e9ma La Clef , Collectif Jeune Cin\u00e9ma (35mm)<\/strong><br><strong>Cin\u00e9ma Cap vert \u00e0 Quetigny,<\/strong><br><strong>Cin\u00e9ma Le Dorat, Haute-Vienne<\/strong><br><strong>Cin\u00e9ma de Tulle, Peuple et culture Corr\u00e8ze<\/strong><br><strong>Paris Peuple et culture<\/strong><br><strong>CINEMATHEQUE DE PARIS cycle formation \u00ab Conna\u00eetre et valoriser le cin\u00e9ma documentaire en biblioth\u00e8que&nbsp;\u00bb<\/strong><br><strong>EHESS, dans le cadre du s\u00e9minaire Fronti\u00e8res\/Passages<\/strong><br><strong>EHESS&nbsp;au cin\u00e9ma Le Champo, Paris (filmer le champ social)<\/strong><br><strong>REIDHALL COLUMBIA UNIVERSITY, Paris<\/strong><br><strong>UNIVERSITE PARIS 8&nbsp; S\u00e9minaire Odile Henry, Saint-Denis<\/strong><\/p>\n\n\n\n<p class=\"has-small-font-size\"><strong><u>Institut Fran\u00e7ais<\/u><\/strong><br><strong>SOLE E LUNA DocFilm Festival, Palerme, Italie<\/strong><br><strong>Cinemateca Nacional de Caracas, Venezuela<\/strong><br><strong>Festival de Cin\u00e9ma Francophone a la Cineteca de Madrid<\/strong><br><strong>l\u2019Alliance Fran\u00e7aise de Manille, Philippines <\/strong><br><strong>MUSEO ETNOGRAFICO (UNIVERSIDAD DE BUENOS AIRES), 8\u00ba Ciclo de cine documental Espejos y Espejismos, Buenos Aires, Argentine<\/strong><br><strong>Mostra Viva, Valencia, Espagne<\/strong><br><strong>Filmoteca de la Regi\u00f3n de Murcia, Cartagena Espagne<\/strong><br><strong>Institut Fran\u00e7ais, Bonn, Allemagne<\/strong><br><strong>Journ\u00e9es de la francophonie, Institut Fran\u00e7ais Prague, Tch\u00e9quie<\/strong><br><strong>Mus\u00e9e du cin\u00e9ma, Frenchdoc, \u00e0 G\u00e9rone, Espagne.<\/strong><br><strong>Centre d&rsquo;Anthropologie (FLSH)<\/strong> <strong>Sousse, Tunisie<\/strong><br><strong>Centro Arte Alameda, Ciclo de cine MIGR\u2019ARTES Santiago, Chili&nbsp;<\/strong><br><strong>Institut Fran\u00e7ais pr\u00e9sent\u00e9 par Adnen Djey Tunis, Tunisie<\/strong><br><strong>Le printemps du documentaire francophone,&nbsp;Manchester, Royaume-Uni<\/strong><\/p>\n\n\n\n<p><\/p>\n\n\n\n<p><\/p>\n\n\n\n<p><\/p>\n\n\n\n<figure class=\"is-layout-flex wp-block-gallery-3 wp-block-gallery columns-0 is-cropped\"><ul class=\"blocks-gallery-grid\"><\/ul><\/figure>\n","protected":false},"excerpt":{"rendered":"<p>Un film de Nathalie Nambot et Maki Berchache couleur, 74 minutes, 2014Format de tournage : Super8 et 16mm Format de Projection : 35mm et DCP Images 16mm Nicolas ReyMontage Gilda FineProduction : Les films du BilboquetDistribution fran\u00e7aise Les films de l&rsquo;AtalanteInternationale Horizon Inverse avec Maki Berchache, Saidi Shaharedin, Shadi Al Fawaghra, Mahmoud El Saleh, Badreddine &hellip; <\/p>\n<p class=\"link-more\"><a href=\"https:\/\/horizoninverse.org\/index.php\/brule-la-mer\/\" class=\"more-link\">Continuer la lecture<span class=\"screen-reader-text\"> de &laquo;&nbsp;br\u00fble la mer&nbsp;&raquo;<\/span><\/a><\/p>\n","protected":false},"author":2,"featured_media":734,"parent":0,"menu_order":0,"comment_status":"closed","ping_status":"closed","template":"","meta":[],"_links":{"self":[{"href":"https:\/\/horizoninverse.org\/index.php\/wp-json\/wp\/v2\/pages\/197"}],"collection":[{"href":"https:\/\/horizoninverse.org\/index.php\/wp-json\/wp\/v2\/pages"}],"about":[{"href":"https:\/\/horizoninverse.org\/index.php\/wp-json\/wp\/v2\/types\/page"}],"author":[{"embeddable":true,"href":"https:\/\/horizoninverse.org\/index.php\/wp-json\/wp\/v2\/users\/2"}],"replies":[{"embeddable":true,"href":"https:\/\/horizoninverse.org\/index.php\/wp-json\/wp\/v2\/comments?post=197"}],"version-history":[{"count":42,"href":"https:\/\/horizoninverse.org\/index.php\/wp-json\/wp\/v2\/pages\/197\/revisions"}],"predecessor-version":[{"id":899,"href":"https:\/\/horizoninverse.org\/index.php\/wp-json\/wp\/v2\/pages\/197\/revisions\/899"}],"wp:featuredmedia":[{"embeddable":true,"href":"https:\/\/horizoninverse.org\/index.php\/wp-json\/wp\/v2\/media\/734"}],"wp:attachment":[{"href":"https:\/\/horizoninverse.org\/index.php\/wp-json\/wp\/v2\/media?parent=197"}],"curies":[{"name":"wp","href":"https:\/\/api.w.org\/{rel}","templated":true}]}}